{"id":158,"date":"2022-12-27T13:13:50","date_gmt":"2022-12-27T13:13:50","guid":{"rendered":"https:\/\/pale-pictures.com\/photography\/?page_id=158"},"modified":"2023-01-02T17:48:21","modified_gmt":"2023-01-02T17:48:21","slug":"legal-notice","status":"publish","type":"page","link":"https:\/\/pale-pictures.com\/photography\/de\/legal-notice\/","title":{"rendered":"Impressum"},"content":{"rendered":"<div data-elementor-type=\"wp-page\" data-elementor-id=\"158\" class=\"elementor elementor-158\">\n\t\t\t\t\t\t<section class=\"elementor-section elementor-top-section elementor-element elementor-element-467dddb elementor-section-boxed elementor-section-height-default elementor-section-height-default\" data-id=\"467dddb\" data-element_type=\"section\" data-e-type=\"section\">\n\t\t\t\t\t\t<div class=\"elementor-container elementor-column-gap-default\">\n\t\t\t\t\t<div class=\"elementor-column elementor-col-100 elementor-top-column elementor-element elementor-element-50612c4\" data-id=\"50612c4\" data-element_type=\"column\" data-e-type=\"column\">\n\t\t\t<div class=\"elementor-widget-wrap elementor-element-populated\">\n\t\t\t\t\t\t<section class=\"elementor-section elementor-inner-section elementor-element elementor-element-0083876 elementor-section-boxed elementor-section-height-default elementor-section-height-default\" data-id=\"0083876\" data-element_type=\"section\" data-e-type=\"section\">\n\t\t\t\t\t\t<div class=\"elementor-container elementor-column-gap-default\">\n\t\t\t\t\t<div class=\"elementor-column elementor-col-100 elementor-inner-column elementor-element elementor-element-2239328\" data-id=\"2239328\" data-element_type=\"column\" data-e-type=\"column\">\n\t\t\t<div class=\"elementor-widget-wrap elementor-element-populated\">\n\t\t\t\t\t\t<div class=\"elementor-element elementor-element-46d7c32 elementor-widget elementor-widget-text-editor\" data-id=\"46d7c32\" data-element_type=\"widget\" data-e-type=\"widget\" data-widget_type=\"text-editor.default\">\n\t\t\t\t<div class=\"elementor-widget-container\">\n\t\t\t\t\t\t\t\t\t<p>Das Label \"Pale Pictures Photography\" und die zugeh\u00f6rige Website \"www.pale-pictures.com\/photography\/\" ist Teil des Labels \"Pale Pictures Media\" von Herrn Dennis Blass. Dennis Blass ist der Urheber aller Inhalte, die auf der Seite \"www.pale-pictures.com\/photography\/\" und ihrer Sub-Domains ver\u00f6ffentlicht sind und tr\u00e4gt die Verantwortung f\u00fcr diese.\u00a0<\/p><p>\u00a0<\/p><p>Herr Dennis Blass<\/p><p>He\u00dfstra\u00dfe 92<\/p><p>80797 Munich<\/p><p>\u00a0<\/p><p>Mob. + 49 (0) 173 8353765<\/p><p>Mob. + 44 (0) 07709212435<\/p><p>\u00a0<\/p><p><a href=\"mailto:info@pale-pictures.com\">info@pale-pictures.com<\/a><\/p>\t\t\t\t\t\t\t\t<\/div>\n\t\t\t\t<\/div>\n\t\t\t\t\t<\/div>\n\t\t<\/div>\n\t\t\t\t\t<\/div>\n\t\t<\/section>\n\t\t\t\t\t<\/div>\n\t\t<\/div>\n\t\t\t\t\t<\/div>\n\t\t<\/section>\n\t\t\t\t<\/div>","protected":false},"excerpt":{"rendered":"<p>The label &#8220;Pale Pictures Photography&#8221; and its website www.pale-pictures.com\/photography is part of &#8220;Pale Pictures Media&#8221; by Dennis Blass. Mr Dennis Blass is the copyright owner and responsible of all content uploaded to www.pale-pictures.com and its subpages.\u00a0 \u00a0 Mr Dennis Blass He\u00dfstra\u00dfe 92 80797 Munich \u00a0 Mob. + 49 (0) 173 8353765 Mob. + 44 (0)&hellip; <a class=\"more-link\" href=\"https:\/\/pale-pictures.com\/photography\/de\/legal-notice\/\"><span class=\"screen-reader-text\">Impressum<\/span> weiterlesen<\/a><\/p>","protected":false},"author":1,"featured_media":0,"parent":0,"menu_order":0,"comment_status":"closed","ping_status":"closed","template":"elementor_canvas","meta":{"nf_dc_page":"","_vp_format_video_url":"","_vp_image_focal_point":[],"_vp_custom_popup_image":0,"_vp_format_audio_url":"","_vp_custom_thumbnail":0,"_vp_custom_thumbnail_focal_point":[],"_vp_hover_thumbnail":0,"_vp_hover_thumbnail_focal_point":[],"footnotes":""},"class_list":["post-158","page","type-page","status-publish","hentry","entry"],"yoast_head":"<!-- This site is optimized with the Yoast SEO plugin v27.4 - https:\/\/yoast.com\/product\/yoast-seo-wordpress\/ -->\n<title>Legal Notice - Pale Pictures Photography<\/title>\n<meta name=\"robots\" content=\"index, follow, max-snippet:-1, max-image-preview:large, max-video-preview:-1\" \/>\n<link rel=\"canonical\" href=\"https:\/\/pale-pictures.com\/photography\/de\/legal-notice\/\" \/>\n<meta property=\"og:locale\" content=\"de_DE\" \/>\n<meta property=\"og:type\" content=\"article\" \/>\n<meta property=\"og:title\" content=\"Legal Notice - Pale Pictures Photography\" \/>\n<meta property=\"og:description\" content=\"The label &#8220;Pale Pictures Photography&#8221; and its website www.pale-pictures.com\/photography is part of &#8220;Pale Pictures Media&#8221; by Dennis Blass. Mr Dennis Blass is the copyright owner and responsible of all content uploaded to www.pale-pictures.com and its subpages.\u00a0 \u00a0 Mr Dennis Blass He\u00dfstra\u00dfe 92 80797 Munich \u00a0 Mob. + 49 (0) 173 8353765 Mob. + 44 (0)&hellip; Legal Notice weiterlesen\" \/>\n<meta property=\"og:url\" content=\"https:\/\/pale-pictures.com\/photography\/de\/legal-notice\/\" \/>\n<meta property=\"og:site_name\" content=\"Pale Pictures Photography\" \/>\n<meta property=\"article:modified_time\" content=\"2023-01-02T17:48:21+00:00\" \/>\n<meta name=\"twitter:card\" content=\"summary_large_image\" \/>\n<meta name=\"twitter:label1\" content=\"Gesch\u00e4tzte Lesezeit\" \/>\n\t<meta name=\"twitter:data1\" content=\"1\u00a0Minute\" \/>\n<script type=\"application\/ld+json\" class=\"yoast-schema-graph\">{\"@context\":\"https:\\\/\\\/schema.org\",\"@graph\":[{\"@type\":\"WebPage\",\"@id\":\"https:\\\/\\\/pale-pictures.com\\\/photography\\\/legal-notice\\\/\",\"url\":\"https:\\\/\\\/pale-pictures.com\\\/photography\\\/legal-notice\\\/\",\"name\":\"Legal Notice - Pale Pictures Photography\",\"isPartOf\":{\"@id\":\"https:\\\/\\\/pale-pictures.com\\\/photography\\\/#website\"},\"datePublished\":\"2022-12-27T13:13:50+00:00\",\"dateModified\":\"2023-01-02T17:48:21+00:00\",\"breadcrumb\":{\"@id\":\"https:\\\/\\\/pale-pictures.com\\\/photography\\\/legal-notice\\\/#breadcrumb\"},\"inLanguage\":\"de\",\"potentialAction\":[{\"@type\":\"ReadAction\",\"target\":[\"https:\\\/\\\/pale-pictures.com\\\/photography\\\/legal-notice\\\/\"]}]},{\"@type\":\"BreadcrumbList\",\"@id\":\"https:\\\/\\\/pale-pictures.com\\\/photography\\\/legal-notice\\\/#breadcrumb\",\"itemListElement\":[{\"@type\":\"ListItem\",\"position\":1,\"name\":\"Home\",\"item\":\"https:\\\/\\\/pale-pictures.com\\\/photography\\\/de\\\/\"},{\"@type\":\"ListItem\",\"position\":2,\"name\":\"Legal Notice\"}]},{\"@type\":\"WebSite\",\"@id\":\"https:\\\/\\\/pale-pictures.com\\\/photography\\\/#website\",\"url\":\"https:\\\/\\\/pale-pictures.com\\\/photography\\\/\",\"name\":\"Pale Pictures Photography\",\"description\":\"Professional photography in Munich and beyond.\",\"publisher\":{\"@id\":\"https:\\\/\\\/pale-pictures.com\\\/photography\\\/#organization\"},\"potentialAction\":[{\"@type\":\"SearchAction\",\"target\":{\"@type\":\"EntryPoint\",\"urlTemplate\":\"https:\\\/\\\/pale-pictures.com\\\/photography\\\/?s={search_term_string}\"},\"query-input\":{\"@type\":\"PropertyValueSpecification\",\"valueRequired\":true,\"valueName\":\"search_term_string\"}}],\"inLanguage\":\"de\"},{\"@type\":\"Organization\",\"@id\":\"https:\\\/\\\/pale-pictures.com\\\/photography\\\/#organization\",\"name\":\"Pale Pictures Photography\",\"url\":\"https:\\\/\\\/pale-pictures.com\\\/photography\\\/\",\"logo\":{\"@type\":\"ImageObject\",\"inLanguage\":\"de\",\"@id\":\"https:\\\/\\\/pale-pictures.com\\\/photography\\\/#\\\/schema\\\/logo\\\/image\\\/\",\"url\":\"https:\\\/\\\/i0.wp.com\\\/pale-pictures.com\\\/photography\\\/wp-content\\\/uploads\\\/2022\\\/12\\\/EXPORT-PNG-WHITE.png?fit=3443%2C3422&ssl=1\",\"contentUrl\":\"https:\\\/\\\/i0.wp.com\\\/pale-pictures.com\\\/photography\\\/wp-content\\\/uploads\\\/2022\\\/12\\\/EXPORT-PNG-WHITE.png?fit=3443%2C3422&ssl=1\",\"width\":3443,\"height\":3422,\"caption\":\"Pale Pictures Photography\"},\"image\":{\"@id\":\"https:\\\/\\\/pale-pictures.com\\\/photography\\\/#\\\/schema\\\/logo\\\/image\\\/\"}}]}<\/script>\n<!-- \/ Yoast SEO plugin. -->","yoast_head_json":{"title":"Legal Notice - Pale Pictures Photography","robots":{"index":"index","follow":"follow","max-snippet":"max-snippet:-1","max-image-preview":"max-image-preview:large","max-video-preview":"max-video-preview:-1"},"canonical":"https:\/\/pale-pictures.com\/photography\/de\/legal-notice\/","og_locale":"de_DE","og_type":"article","og_title":"Legal Notice - Pale Pictures Photography","og_description":"The label &#8220;Pale Pictures Photography&#8221; and its website www.pale-pictures.com\/photography is part of &#8220;Pale Pictures Media&#8221; by Dennis Blass. Mr Dennis Blass is the copyright owner and responsible of all content uploaded to www.pale-pictures.com and its subpages.\u00a0 \u00a0 Mr Dennis Blass He\u00dfstra\u00dfe 92 80797 Munich \u00a0 Mob. + 49 (0) 173 8353765 Mob. + 44 (0)&hellip; Legal Notice weiterlesen","og_url":"https:\/\/pale-pictures.com\/photography\/de\/legal-notice\/","og_site_name":"Pale Pictures Photography","article_modified_time":"2023-01-02T17:48:21+00:00","twitter_card":"summary_large_image","twitter_misc":{"Gesch\u00e4tzte Lesezeit":"1\u00a0Minute"},"schema":{"@context":"https:\/\/schema.org","@graph":[{"@type":"WebPage","@id":"https:\/\/pale-pictures.com\/photography\/legal-notice\/","url":"https:\/\/pale-pictures.com\/photography\/legal-notice\/","name":"Legal Notice - Pale Pictures Photography","isPartOf":{"@id":"https:\/\/pale-pictures.com\/photography\/#website"},"datePublished":"2022-12-27T13:13:50+00:00","dateModified":"2023-01-02T17:48:21+00:00","breadcrumb":{"@id":"https:\/\/pale-pictures.com\/photography\/legal-notice\/#breadcrumb"},"inLanguage":"de","potentialAction":[{"@type":"ReadAction","target":["https:\/\/pale-pictures.com\/photography\/legal-notice\/"]}]},{"@type":"BreadcrumbList","@id":"https:\/\/pale-pictures.com\/photography\/legal-notice\/#breadcrumb","itemListElement":[{"@type":"ListItem","position":1,"name":"Home","item":"https:\/\/pale-pictures.com\/photography\/de\/"},{"@type":"ListItem","position":2,"name":"Legal Notice"}]},{"@type":"WebSite","@id":"https:\/\/pale-pictures.com\/photography\/#website","url":"https:\/\/pale-pictures.com\/photography\/","name":"Pale Pictures Photography","description":"Professional photography in Munich and beyond.","publisher":{"@id":"https:\/\/pale-pictures.com\/photography\/#organization"},"potentialAction":[{"@type":"SearchAction","target":{"@type":"EntryPoint","urlTemplate":"https:\/\/pale-pictures.com\/photography\/?s={search_term_string}"},"query-input":{"@type":"PropertyValueSpecification","valueRequired":true,"valueName":"search_term_string"}}],"inLanguage":"de"},{"@type":"Organization","@id":"https:\/\/pale-pictures.com\/photography\/#organization","name":"Pale Pictures Photography","url":"https:\/\/pale-pictures.com\/photography\/","logo":{"@type":"ImageObject","inLanguage":"de","@id":"https:\/\/pale-pictures.com\/photography\/#\/schema\/logo\/image\/","url":"https:\/\/i0.wp.com\/pale-pictures.com\/photography\/wp-content\/uploads\/2022\/12\/EXPORT-PNG-WHITE.png?fit=3443%2C3422&ssl=1","contentUrl":"https:\/\/i0.wp.com\/pale-pictures.com\/photography\/wp-content\/uploads\/2022\/12\/EXPORT-PNG-WHITE.png?fit=3443%2C3422&ssl=1","width":3443,"height":3422,"caption":"Pale Pictures Photography"},"image":{"@id":"https:\/\/pale-pictures.com\/photography\/#\/schema\/logo\/image\/"}}]}},"jetpack_sharing_enabled":true,"_links":{"self":[{"href":"https:\/\/pale-pictures.com\/photography\/de\/wp-json\/wp\/v2\/pages\/158","targetHints":{"allow":["GET"]}}],"collection":[{"href":"https:\/\/pale-pictures.com\/photography\/de\/wp-json\/wp\/v2\/pages"}],"about":[{"href":"https:\/\/pale-pictures.com\/photography\/de\/wp-json\/wp\/v2\/types\/page"}],"author":[{"embeddable":true,"href":"https:\/\/pale-pictures.com\/photography\/de\/wp-json\/wp\/v2\/users\/1"}],"replies":[{"embeddable":true,"href":"https:\/\/pale-pictures.com\/photography\/de\/wp-json\/wp\/v2\/comments?post=158"}],"version-history":[{"count":20,"href":"https:\/\/pale-pictures.com\/photography\/de\/wp-json\/wp\/v2\/pages\/158\/revisions"}],"predecessor-version":[{"id":309,"href":"https:\/\/pale-pictures.com\/photography\/de\/wp-json\/wp\/v2\/pages\/158\/revisions\/309"}],"wp:attachment":[{"href":"https:\/\/pale-pictures.com\/photography\/de\/wp-json\/wp\/v2\/media?parent=158"}],"curies":[{"name":"wp","href":"https:\/\/api.w.org\/{rel}","templated":true}]}}