{"id":209,"date":"2022-12-27T14:13:10","date_gmt":"2022-12-27T14:13:10","guid":{"rendered":"https:\/\/pale-pictures.com\/photography\/?page_id=209"},"modified":"2023-01-16T23:31:41","modified_gmt":"2023-01-16T23:31:41","slug":"about","status":"publish","type":"page","link":"https:\/\/pale-pictures.com\/photography\/de\/about\/","title":{"rendered":"About"},"content":{"rendered":"<div data-elementor-type=\"wp-page\" data-elementor-id=\"209\" class=\"elementor elementor-209\">\n\t\t\t\t\t\t<section class=\"elementor-section elementor-top-section elementor-element elementor-element-b53f61b elementor-section-boxed elementor-section-height-default elementor-section-height-default\" data-id=\"b53f61b\" data-element_type=\"section\" data-e-type=\"section\">\n\t\t\t\t\t\t<div class=\"elementor-container elementor-column-gap-default\">\n\t\t\t\t\t<div class=\"elementor-column elementor-col-100 elementor-top-column elementor-element elementor-element-86a7b76\" data-id=\"86a7b76\" data-element_type=\"column\" data-e-type=\"column\">\n\t\t\t<div class=\"elementor-widget-wrap elementor-element-populated\">\n\t\t\t\t\t\t<section class=\"elementor-section elementor-inner-section elementor-element elementor-element-3365d3c elementor-section-boxed elementor-section-height-default elementor-section-height-default\" data-id=\"3365d3c\" data-element_type=\"section\" data-e-type=\"section\">\n\t\t\t\t\t\t<div class=\"elementor-container elementor-column-gap-default\">\n\t\t\t\t\t<div class=\"elementor-column elementor-col-50 elementor-inner-column elementor-element elementor-element-9112a21\" data-id=\"9112a21\" data-element_type=\"column\" data-e-type=\"column\">\n\t\t\t<div class=\"elementor-widget-wrap elementor-element-populated\">\n\t\t\t\t\t\t<div class=\"elementor-element elementor-element-effcf3f elementor-widget elementor-widget-image\" data-id=\"effcf3f\" data-element_type=\"widget\" data-e-type=\"widget\" data-widget_type=\"image.default\">\n\t\t\t\t<div class=\"elementor-widget-container\">\n\t\t\t\t\t\t\t\t\t\t\t\t\t\t\t<img fetchpriority=\"high\" decoding=\"async\" width=\"750\" height=\"500\" src=\"https:\/\/i0.wp.com\/pale-pictures.com\/photography\/wp-content\/uploads\/2022\/12\/IMG-20210424_151716_4800-199829429.jpg?fit=750%2C500&amp;ssl=1\" class=\"attachment-large size-large wp-image-212\" alt=\"Ein junger Mann h\u00e4lt eine gro\u00dfe Kamera.\" srcset=\"https:\/\/i0.wp.com\/pale-pictures.com\/photography\/wp-content\/uploads\/2022\/12\/IMG-20210424_151716_4800-199829429.jpg?w=1600&amp;ssl=1 1600w, https:\/\/i0.wp.com\/pale-pictures.com\/photography\/wp-content\/uploads\/2022\/12\/IMG-20210424_151716_4800-199829429.jpg?resize=300%2C200&amp;ssl=1 300w, https:\/\/i0.wp.com\/pale-pictures.com\/photography\/wp-content\/uploads\/2022\/12\/IMG-20210424_151716_4800-199829429.jpg?resize=1024%2C682&amp;ssl=1 1024w, https:\/\/i0.wp.com\/pale-pictures.com\/photography\/wp-content\/uploads\/2022\/12\/IMG-20210424_151716_4800-199829429.jpg?resize=768%2C512&amp;ssl=1 768w, https:\/\/i0.wp.com\/pale-pictures.com\/photography\/wp-content\/uploads\/2022\/12\/IMG-20210424_151716_4800-199829429.jpg?resize=1536%2C1023&amp;ssl=1 1536w, https:\/\/i0.wp.com\/pale-pictures.com\/photography\/wp-content\/uploads\/2022\/12\/IMG-20210424_151716_4800-199829429.jpg?resize=500%2C333&amp;ssl=1 500w, https:\/\/i0.wp.com\/pale-pictures.com\/photography\/wp-content\/uploads\/2022\/12\/IMG-20210424_151716_4800-199829429.jpg?resize=800%2C533&amp;ssl=1 800w, https:\/\/i0.wp.com\/pale-pictures.com\/photography\/wp-content\/uploads\/2022\/12\/IMG-20210424_151716_4800-199829429.jpg?resize=1280%2C853&amp;ssl=1 1280w, https:\/\/i0.wp.com\/pale-pictures.com\/photography\/wp-content\/uploads\/2022\/12\/IMG-20210424_151716_4800-199829429.jpg?resize=1568%2C1045&amp;ssl=1 1568w\" sizes=\"(max-width: 750px) 100vw, 750px\" style=\"width:100%;height:66.63%;max-width:1600px\" \/>\t\t\t\t\t\t\t\t\t\t\t\t\t\t\t<\/div>\n\t\t\t\t<\/div>\n\t\t\t\t<div class=\"elementor-element elementor-element-ea68a69 elementor-widget elementor-widget-google_maps\" data-id=\"ea68a69\" data-element_type=\"widget\" data-e-type=\"widget\" data-widget_type=\"google_maps.default\">\n\t\t\t\t<div class=\"elementor-widget-container\">\n\t\t\t\t\t\t\t<div class=\"elementor-custom-embed\">\n\t\t\t<iframe loading=\"lazy\"\n\t\t\t\t\tsrc=\"https:\/\/maps.google.com\/maps?q=He%C3%9Fstra%C3%9Fe%2092%2C%2080797%20M%C3%BCnchen&#038;t=m&#038;z=14&#038;output=embed&#038;iwloc=near\"\n\t\t\t\t\ttitle=\"He\u00dfstra\u00dfe 92, 80797 M\u00fcnchen\"\n\t\t\t\t\taria-label=\"He\u00dfstra\u00dfe 92, 80797 M\u00fcnchen\"\n\t\t\t><\/iframe>\n\t\t<\/div>\n\t\t\t\t\t\t<\/div>\n\t\t\t\t<\/div>\n\t\t\t\t\t<\/div>\n\t\t<\/div>\n\t\t\t\t<div class=\"elementor-column elementor-col-50 elementor-inner-column elementor-element elementor-element-b9a6436\" data-id=\"b9a6436\" data-element_type=\"column\" data-e-type=\"column\">\n\t\t\t<div class=\"elementor-widget-wrap elementor-element-populated\">\n\t\t\t\t\t\t<div class=\"elementor-element elementor-element-a3118e1 elementor-widget elementor-widget-heading\" data-id=\"a3118e1\" data-element_type=\"widget\" data-e-type=\"widget\" data-widget_type=\"heading.default\">\n\t\t\t\t<div class=\"elementor-widget-container\">\n\t\t\t\t\t<h1 class=\"elementor-heading-title elementor-size-large\">Photographer in Munich &amp; beyond<\/h1>\t\t\t\t<\/div>\n\t\t\t\t<\/div>\n\t\t\t\t<div class=\"elementor-element elementor-element-8742382 elementor-widget elementor-widget-text-editor\" data-id=\"8742382\" data-element_type=\"widget\" data-e-type=\"widget\" data-widget_type=\"text-editor.default\">\n\t\t\t\t<div class=\"elementor-widget-container\">\n\t\t\t\t\t\t\t\t\t<p>Als Master-Absolvent im Bereich Film habe ich eine Leidenschaft daf\u00fcr, interessante Charaktere, besondere Momente und Emotionen einzufangen - sowohl im Bewegt- als auch im Standbild. Meine Herangehensweise als Fotograf basiert auf der Verwendung von realen Motiven au\u00dferhalb des Fotostudios sowie nat\u00fcrlichem Licht, um m\u00f6glichst authentische Bilder zu erzeugen. Schreiben Sie mir gerne eine Nachricht, um welchen Anlass bzw. welches Projekt es geht und ich werde gemeinsam mit Ihnen ausdrucksstarke Bilder kreieren. Schreiben Sie mir gerne eine <strong><a href=\"mailto:info@pale-pictures.com\">Nachricht<\/a><\/strong>!<\/p><p>\u00a0<\/p><p><a href=\"mailto:info@pale-pictures.com\">info@pale-pictures.com<\/a><\/p><p>\u00a0<\/p><p>+ 49 (0) 1738353765\u00a0 \u00a0(auch f\u00fcr WhatsApp)<\/p><p>+ 44 (0) 07709212435<\/p><p>\u00a0<\/p><p>Dennis Blass<\/p><p>He\u00dfstra\u00dfe 92<\/p><p>80797 Munich<\/p>\t\t\t\t\t\t\t\t<\/div>\n\t\t\t\t<\/div>\n\t\t\t\t\t<\/div>\n\t\t<\/div>\n\t\t\t\t\t<\/div>\n\t\t<\/section>\n\t\t\t\t\t<\/div>\n\t\t<\/div>\n\t\t\t\t\t<\/div>\n\t\t<\/section>\n\t\t\t\t<section class=\"elementor-section elementor-top-section elementor-element elementor-element-1bdb3c6 elementor-section-boxed elementor-section-height-default elementor-section-height-default\" data-id=\"1bdb3c6\" data-element_type=\"section\" data-e-type=\"section\">\n\t\t\t\t\t\t<div class=\"elementor-container elementor-column-gap-default\">\n\t\t\t\t\t<div class=\"elementor-column elementor-col-100 elementor-top-column elementor-element elementor-element-d030c36\" data-id=\"d030c36\" data-element_type=\"column\" data-e-type=\"column\">\n\t\t\t<div class=\"elementor-widget-wrap elementor-element-populated\">\n\t\t\t\t\t\t<section class=\"elementor-section elementor-inner-section elementor-element elementor-element-361ffee elementor-section-boxed elementor-section-height-default elementor-section-height-default\" data-id=\"361ffee\" data-element_type=\"section\" data-e-type=\"section\">\n\t\t\t\t\t\t<div class=\"elementor-container elementor-column-gap-default\">\n\t\t\t\t\t<div class=\"elementor-column elementor-col-50 elementor-inner-column elementor-element elementor-element-e7ac835\" data-id=\"e7ac835\" data-element_type=\"column\" data-e-type=\"column\">\n\t\t\t<div class=\"elementor-widget-wrap elementor-element-populated\">\n\t\t\t\t\t\t<div class=\"elementor-element elementor-element-f553fe8 elementor-widget elementor-widget-text-editor\" data-id=\"f553fe8\" data-element_type=\"widget\" data-e-type=\"widget\" data-widget_type=\"text-editor.default\">\n\t\t\t\t<div class=\"elementor-widget-container\">\n\t\t\t\t\t\t\t\t\t<p>Mein Equipment:<\/p><ul><li>Kamera: Sony A7S II (spiegellose Vollformat-Kamera)<\/li><li>Objektive: Zeiss F4.0 24-70 mm Zoom-Objektiv \/\/ F1.8 50 mm Prime-Objektiv<\/li><li>Drohne: DJI Mavic Pro (1. Gen.)<\/li><\/ul><p>\u00a0<\/p><p>Datei-Formate:<\/p><ul><li>Aufnahme und Bearbeitung in RAW<\/li><li>Export als TIFF, PNG, JPEG oder beliebiges Dateiformat<\/li><\/ul><p>\u00a0<\/p><p>Je nach Verwendungszweck der Fotos (Web, Print, etc.) sind bestimmte Export-Einstellungen (DPI, Bildgr\u00f6\u00dfe, Komprimierung etc.) notwendig. Hierbei berate ich Sie gerne, welche Einstellungen die richtigen f\u00fcr Sie sind.<\/p><p>\u00a0<\/p><p>Bitte beachten Sie: Ich mache derzeit nur Fotos vor Ort und ohne Blitz. Ein Studio ist nicht verf\u00fcgbar.<\/p>\t\t\t\t\t\t\t\t<\/div>\n\t\t\t\t<\/div>\n\t\t\t\t\t<\/div>\n\t\t<\/div>\n\t\t\t\t<div class=\"elementor-column elementor-col-50 elementor-inner-column elementor-element elementor-element-4576c17\" data-id=\"4576c17\" data-element_type=\"column\" data-e-type=\"column\">\n\t\t\t<div class=\"elementor-widget-wrap elementor-element-populated\">\n\t\t\t\t\t\t<div class=\"elementor-element elementor-element-e1fabfb elementor-widget__width-inherit elementor-widget elementor-widget-image\" data-id=\"e1fabfb\" data-element_type=\"widget\" data-e-type=\"widget\" data-widget_type=\"image.default\">\n\t\t\t\t<div class=\"elementor-widget-container\">\n\t\t\t\t\t\t\t\t\t\t\t\t\t\t\t<img decoding=\"async\" width=\"750\" height=\"563\" src=\"https:\/\/i0.wp.com\/pale-pictures.com\/photography\/wp-content\/uploads\/2022\/12\/20210802_175706062_iOS-1.jpg?fit=750%2C563&amp;ssl=1\" class=\"attachment-large size-large wp-image-213\" alt=\"Ein junger Fotograf steht auf einem Felsen \u00fcber dem Meer und macht Fotos.\" srcset=\"https:\/\/i0.wp.com\/pale-pictures.com\/photography\/wp-content\/uploads\/2022\/12\/20210802_175706062_iOS-1.jpg?w=1500&amp;ssl=1 1500w, https:\/\/i0.wp.com\/pale-pictures.com\/photography\/wp-content\/uploads\/2022\/12\/20210802_175706062_iOS-1.jpg?resize=300%2C225&amp;ssl=1 300w, https:\/\/i0.wp.com\/pale-pictures.com\/photography\/wp-content\/uploads\/2022\/12\/20210802_175706062_iOS-1.jpg?resize=1024%2C768&amp;ssl=1 1024w, https:\/\/i0.wp.com\/pale-pictures.com\/photography\/wp-content\/uploads\/2022\/12\/20210802_175706062_iOS-1.jpg?resize=768%2C576&amp;ssl=1 768w, https:\/\/i0.wp.com\/pale-pictures.com\/photography\/wp-content\/uploads\/2022\/12\/20210802_175706062_iOS-1.jpg?resize=500%2C375&amp;ssl=1 500w, https:\/\/i0.wp.com\/pale-pictures.com\/photography\/wp-content\/uploads\/2022\/12\/20210802_175706062_iOS-1.jpg?resize=800%2C600&amp;ssl=1 800w, https:\/\/i0.wp.com\/pale-pictures.com\/photography\/wp-content\/uploads\/2022\/12\/20210802_175706062_iOS-1.jpg?resize=1280%2C960&amp;ssl=1 1280w\" sizes=\"(max-width: 750px) 100vw, 750px\" style=\"width:100%;height:75%;max-width:1500px\" \/>\t\t\t\t\t\t\t\t\t\t\t\t\t\t\t<\/div>\n\t\t\t\t<\/div>\n\t\t\t\t\t<\/div>\n\t\t<\/div>\n\t\t\t\t\t<\/div>\n\t\t<\/section>\n\t\t\t\t\t<\/div>\n\t\t<\/div>\n\t\t\t\t\t<\/div>\n\t\t<\/section>\n\t\t\t\t<\/div>","protected":false},"excerpt":{"rendered":"<p>Photographer in Munich &#038; beyond Originally graduated with an M.A. in filmmaking, I love capturing great characters, moments, emotions and compositions, no matter if it&#8217;s for still or moving image. My photography style is based on using real environments (meaning outside a photo studio) combined with natural light, to take as authentic images as possible.&hellip; <a class=\"more-link\" href=\"https:\/\/pale-pictures.com\/photography\/de\/about\/\"><span class=\"screen-reader-text\">About<\/span> weiterlesen<\/a><\/p>","protected":false},"author":1,"featured_media":0,"parent":0,"menu_order":0,"comment_status":"closed","ping_status":"closed","template":"elementor_canvas","meta":{"nf_dc_page":"","_vp_format_video_url":"","_vp_image_focal_point":[],"_vp_custom_popup_image":0,"_vp_format_audio_url":"","_vp_custom_thumbnail":0,"_vp_custom_thumbnail_focal_point":[],"_vp_hover_thumbnail":0,"_vp_hover_thumbnail_focal_point":[],"footnotes":""},"class_list":["post-209","page","type-page","status-publish","hentry","entry"],"yoast_head":"<!-- This site is optimized with the Yoast SEO plugin v27.4 - https:\/\/yoast.com\/product\/yoast-seo-wordpress\/ -->\n<title>About - Pale Pictures Photography<\/title>\n<meta name=\"robots\" content=\"index, follow, max-snippet:-1, max-image-preview:large, max-video-preview:-1\" \/>\n<link rel=\"canonical\" href=\"https:\/\/pale-pictures.com\/photography\/de\/about\/\" \/>\n<meta property=\"og:locale\" content=\"de_DE\" \/>\n<meta property=\"og:type\" content=\"article\" \/>\n<meta property=\"og:title\" content=\"About - Pale Pictures Photography\" \/>\n<meta property=\"og:description\" content=\"Photographer in Munich &#038; beyond Originally graduated with an M.A. in filmmaking, I love capturing great characters, moments, emotions and compositions, no matter if it&#8217;s for still or moving image. My photography style is based on using real environments (meaning outside a photo studio) combined with natural light, to take as authentic images as possible.&hellip; About weiterlesen\" \/>\n<meta property=\"og:url\" content=\"https:\/\/pale-pictures.com\/photography\/de\/about\/\" \/>\n<meta property=\"og:site_name\" content=\"Pale Pictures Photography\" \/>\n<meta property=\"article:modified_time\" content=\"2023-01-16T23:31:41+00:00\" \/>\n<meta property=\"og:image\" content=\"https:\/\/pale-pictures.com\/photography\/wp-content\/uploads\/2022\/12\/IMG-20210424_151716_4800-199829429-1024x682.jpg\" \/>\n<meta name=\"twitter:card\" content=\"summary_large_image\" \/>\n<meta name=\"twitter:label1\" content=\"Gesch\u00e4tzte Lesezeit\" \/>\n\t<meta name=\"twitter:data1\" content=\"2\u00a0Minuten\" \/>\n<script type=\"application\/ld+json\" class=\"yoast-schema-graph\">{\"@context\":\"https:\\\/\\\/schema.org\",\"@graph\":[{\"@type\":\"WebPage\",\"@id\":\"https:\\\/\\\/pale-pictures.com\\\/photography\\\/about\\\/\",\"url\":\"https:\\\/\\\/pale-pictures.com\\\/photography\\\/about\\\/\",\"name\":\"About - Pale Pictures Photography\",\"isPartOf\":{\"@id\":\"https:\\\/\\\/pale-pictures.com\\\/photography\\\/#website\"},\"primaryImageOfPage\":{\"@id\":\"https:\\\/\\\/pale-pictures.com\\\/photography\\\/about\\\/#primaryimage\"},\"image\":{\"@id\":\"https:\\\/\\\/pale-pictures.com\\\/photography\\\/about\\\/#primaryimage\"},\"thumbnailUrl\":\"https:\\\/\\\/pale-pictures.com\\\/photography\\\/wp-content\\\/uploads\\\/2022\\\/12\\\/IMG-20210424_151716_4800-199829429-1024x682.jpg\",\"datePublished\":\"2022-12-27T14:13:10+00:00\",\"dateModified\":\"2023-01-16T23:31:41+00:00\",\"breadcrumb\":{\"@id\":\"https:\\\/\\\/pale-pictures.com\\\/photography\\\/about\\\/#breadcrumb\"},\"inLanguage\":\"de\",\"potentialAction\":[{\"@type\":\"ReadAction\",\"target\":[\"https:\\\/\\\/pale-pictures.com\\\/photography\\\/about\\\/\"]}]},{\"@type\":\"ImageObject\",\"inLanguage\":\"de\",\"@id\":\"https:\\\/\\\/pale-pictures.com\\\/photography\\\/about\\\/#primaryimage\",\"url\":\"https:\\\/\\\/pale-pictures.com\\\/photography\\\/wp-content\\\/uploads\\\/2022\\\/12\\\/IMG-20210424_151716_4800-199829429-1024x682.jpg\",\"contentUrl\":\"https:\\\/\\\/pale-pictures.com\\\/photography\\\/wp-content\\\/uploads\\\/2022\\\/12\\\/IMG-20210424_151716_4800-199829429-1024x682.jpg\"},{\"@type\":\"BreadcrumbList\",\"@id\":\"https:\\\/\\\/pale-pictures.com\\\/photography\\\/about\\\/#breadcrumb\",\"itemListElement\":[{\"@type\":\"ListItem\",\"position\":1,\"name\":\"Home\",\"item\":\"https:\\\/\\\/pale-pictures.com\\\/photography\\\/de\\\/\"},{\"@type\":\"ListItem\",\"position\":2,\"name\":\"About\"}]},{\"@type\":\"WebSite\",\"@id\":\"https:\\\/\\\/pale-pictures.com\\\/photography\\\/#website\",\"url\":\"https:\\\/\\\/pale-pictures.com\\\/photography\\\/\",\"name\":\"Pale Pictures Photography\",\"description\":\"Professional photography in Munich and beyond.\",\"publisher\":{\"@id\":\"https:\\\/\\\/pale-pictures.com\\\/photography\\\/#organization\"},\"potentialAction\":[{\"@type\":\"SearchAction\",\"target\":{\"@type\":\"EntryPoint\",\"urlTemplate\":\"https:\\\/\\\/pale-pictures.com\\\/photography\\\/?s={search_term_string}\"},\"query-input\":{\"@type\":\"PropertyValueSpecification\",\"valueRequired\":true,\"valueName\":\"search_term_string\"}}],\"inLanguage\":\"de\"},{\"@type\":\"Organization\",\"@id\":\"https:\\\/\\\/pale-pictures.com\\\/photography\\\/#organization\",\"name\":\"Pale Pictures Photography\",\"url\":\"https:\\\/\\\/pale-pictures.com\\\/photography\\\/\",\"logo\":{\"@type\":\"ImageObject\",\"inLanguage\":\"de\",\"@id\":\"https:\\\/\\\/pale-pictures.com\\\/photography\\\/#\\\/schema\\\/logo\\\/image\\\/\",\"url\":\"https:\\\/\\\/i0.wp.com\\\/pale-pictures.com\\\/photography\\\/wp-content\\\/uploads\\\/2022\\\/12\\\/EXPORT-PNG-WHITE.png?fit=3443%2C3422&ssl=1\",\"contentUrl\":\"https:\\\/\\\/i0.wp.com\\\/pale-pictures.com\\\/photography\\\/wp-content\\\/uploads\\\/2022\\\/12\\\/EXPORT-PNG-WHITE.png?fit=3443%2C3422&ssl=1\",\"width\":3443,\"height\":3422,\"caption\":\"Pale Pictures Photography\"},\"image\":{\"@id\":\"https:\\\/\\\/pale-pictures.com\\\/photography\\\/#\\\/schema\\\/logo\\\/image\\\/\"}}]}<\/script>\n<!-- \/ Yoast SEO plugin. -->","yoast_head_json":{"title":"About - Pale Pictures Photography","robots":{"index":"index","follow":"follow","max-snippet":"max-snippet:-1","max-image-preview":"max-image-preview:large","max-video-preview":"max-video-preview:-1"},"canonical":"https:\/\/pale-pictures.com\/photography\/de\/about\/","og_locale":"de_DE","og_type":"article","og_title":"About - Pale Pictures Photography","og_description":"Photographer in Munich &#038; beyond Originally graduated with an M.A. in filmmaking, I love capturing great characters, moments, emotions and compositions, no matter if it&#8217;s for still or moving image. My photography style is based on using real environments (meaning outside a photo studio) combined with natural light, to take as authentic images as possible.&hellip; About weiterlesen","og_url":"https:\/\/pale-pictures.com\/photography\/de\/about\/","og_site_name":"Pale Pictures Photography","article_modified_time":"2023-01-16T23:31:41+00:00","og_image":[{"url":"https:\/\/pale-pictures.com\/photography\/wp-content\/uploads\/2022\/12\/IMG-20210424_151716_4800-199829429-1024x682.jpg","type":"","width":"","height":""}],"twitter_card":"summary_large_image","twitter_misc":{"Gesch\u00e4tzte Lesezeit":"2\u00a0Minuten"},"schema":{"@context":"https:\/\/schema.org","@graph":[{"@type":"WebPage","@id":"https:\/\/pale-pictures.com\/photography\/about\/","url":"https:\/\/pale-pictures.com\/photography\/about\/","name":"About - Pale Pictures Photography","isPartOf":{"@id":"https:\/\/pale-pictures.com\/photography\/#website"},"primaryImageOfPage":{"@id":"https:\/\/pale-pictures.com\/photography\/about\/#primaryimage"},"image":{"@id":"https:\/\/pale-pictures.com\/photography\/about\/#primaryimage"},"thumbnailUrl":"https:\/\/pale-pictures.com\/photography\/wp-content\/uploads\/2022\/12\/IMG-20210424_151716_4800-199829429-1024x682.jpg","datePublished":"2022-12-27T14:13:10+00:00","dateModified":"2023-01-16T23:31:41+00:00","breadcrumb":{"@id":"https:\/\/pale-pictures.com\/photography\/about\/#breadcrumb"},"inLanguage":"de","potentialAction":[{"@type":"ReadAction","target":["https:\/\/pale-pictures.com\/photography\/about\/"]}]},{"@type":"ImageObject","inLanguage":"de","@id":"https:\/\/pale-pictures.com\/photography\/about\/#primaryimage","url":"https:\/\/pale-pictures.com\/photography\/wp-content\/uploads\/2022\/12\/IMG-20210424_151716_4800-199829429-1024x682.jpg","contentUrl":"https:\/\/pale-pictures.com\/photography\/wp-content\/uploads\/2022\/12\/IMG-20210424_151716_4800-199829429-1024x682.jpg"},{"@type":"BreadcrumbList","@id":"https:\/\/pale-pictures.com\/photography\/about\/#breadcrumb","itemListElement":[{"@type":"ListItem","position":1,"name":"Home","item":"https:\/\/pale-pictures.com\/photography\/de\/"},{"@type":"ListItem","position":2,"name":"About"}]},{"@type":"WebSite","@id":"https:\/\/pale-pictures.com\/photography\/#website","url":"https:\/\/pale-pictures.com\/photography\/","name":"Pale Pictures Photography","description":"Professional photography in Munich and beyond.","publisher":{"@id":"https:\/\/pale-pictures.com\/photography\/#organization"},"potentialAction":[{"@type":"SearchAction","target":{"@type":"EntryPoint","urlTemplate":"https:\/\/pale-pictures.com\/photography\/?s={search_term_string}"},"query-input":{"@type":"PropertyValueSpecification","valueRequired":true,"valueName":"search_term_string"}}],"inLanguage":"de"},{"@type":"Organization","@id":"https:\/\/pale-pictures.com\/photography\/#organization","name":"Pale Pictures Photography","url":"https:\/\/pale-pictures.com\/photography\/","logo":{"@type":"ImageObject","inLanguage":"de","@id":"https:\/\/pale-pictures.com\/photography\/#\/schema\/logo\/image\/","url":"https:\/\/i0.wp.com\/pale-pictures.com\/photography\/wp-content\/uploads\/2022\/12\/EXPORT-PNG-WHITE.png?fit=3443%2C3422&ssl=1","contentUrl":"https:\/\/i0.wp.com\/pale-pictures.com\/photography\/wp-content\/uploads\/2022\/12\/EXPORT-PNG-WHITE.png?fit=3443%2C3422&ssl=1","width":3443,"height":3422,"caption":"Pale Pictures Photography"},"image":{"@id":"https:\/\/pale-pictures.com\/photography\/#\/schema\/logo\/image\/"}}]}},"jetpack_sharing_enabled":true,"_links":{"self":[{"href":"https:\/\/pale-pictures.com\/photography\/de\/wp-json\/wp\/v2\/pages\/209","targetHints":{"allow":["GET"]}}],"collection":[{"href":"https:\/\/pale-pictures.com\/photography\/de\/wp-json\/wp\/v2\/pages"}],"about":[{"href":"https:\/\/pale-pictures.com\/photography\/de\/wp-json\/wp\/v2\/types\/page"}],"author":[{"embeddable":true,"href":"https:\/\/pale-pictures.com\/photography\/de\/wp-json\/wp\/v2\/users\/1"}],"replies":[{"embeddable":true,"href":"https:\/\/pale-pictures.com\/photography\/de\/wp-json\/wp\/v2\/comments?post=209"}],"version-history":[{"count":20,"href":"https:\/\/pale-pictures.com\/photography\/de\/wp-json\/wp\/v2\/pages\/209\/revisions"}],"predecessor-version":[{"id":540,"href":"https:\/\/pale-pictures.com\/photography\/de\/wp-json\/wp\/v2\/pages\/209\/revisions\/540"}],"wp:attachment":[{"href":"https:\/\/pale-pictures.com\/photography\/de\/wp-json\/wp\/v2\/media?parent=209"}],"curies":[{"name":"wp","href":"https:\/\/api.w.org\/{rel}","templated":true}]}}